{"id":27,"date":"2024-07-31T11:33:15","date_gmt":"2024-07-31T14:33:15","guid":{"rendered":"https:\/\/zwadigital.link\/bts\/?page_id=27"},"modified":"2026-03-02T09:37:48","modified_gmt":"2026-03-02T12:37:48","slug":"a-bts-brasil","status":"publish","type":"page","link":"https:\/\/btsbrasilsistemas.com\/index.php\/a-bts-brasil\/","title":{"rendered":"A BTS Brasil"},"content":{"rendered":"<p>[et_pb_section fb_built=&#8221;1&#8243; _builder_version=&#8221;4.21.0&#8243; _module_preset=&#8221;default&#8221; custom_padding=&#8221;16px||84px|||&#8221; global_colors_info=&#8221;{}&#8221; theme_builder_area=&#8221;post_content&#8221;][et_pb_row _builder_version=&#8221;4.21.0&#8243; _module_preset=&#8221;default&#8221; global_colors_info=&#8221;{}&#8221; theme_builder_area=&#8221;post_content&#8221;][et_pb_column type=&#8221;4_4&#8243; _builder_version=&#8221;4.21.0&#8243; _module_preset=&#8221;default&#8221; global_colors_info=&#8221;{}&#8221; theme_builder_area=&#8221;post_content&#8221;][et_pb_text _builder_version=&#8221;4.21.0&#8243; _module_preset=&#8221;default&#8221; text_orientation=&#8221;center&#8221; width=&#8221;74%&#8221; module_alignment=&#8221;center&#8221; global_colors_info=&#8221;{}&#8221; theme_builder_area=&#8221;post_content&#8221;]<\/p>\n<p>A\u00a0<strong>BTS BRASIL<\/strong>\u00a0atua como desenvolvedora de software para o varejo e atacado a mais de 20 anos.<\/p>\n<p>Nossa empresa tem como foco desenvolver as melhores solu\u00e7\u00f5es para nossos clientes. Nossas plataformas s\u00e3o desenvolvidas com tecnologia de ponta, permitindo promover mais seguran\u00e7a e confiabilidade das informa\u00e7\u00f5es.<\/p>\n<p>[\/et_pb_text][et_pb_divider _builder_version=&#8221;4.21.0&#8243; _module_preset=&#8221;default&#8221; global_colors_info=&#8221;{}&#8221; theme_builder_area=&#8221;post_content&#8221;][\/et_pb_divider][\/et_pb_column][\/et_pb_row][et_pb_row _builder_version=&#8221;4.21.0&#8243; _module_preset=&#8221;default&#8221; custom_padding=&#8221;11px|||||&#8221; global_colors_info=&#8221;{}&#8221; theme_builder_area=&#8221;post_content&#8221;][et_pb_column type=&#8221;4_4&#8243; _builder_version=&#8221;4.21.0&#8243; _module_preset=&#8221;default&#8221; global_colors_info=&#8221;{}&#8221; theme_builder_area=&#8221;post_content&#8221;][et_pb_text _builder_version=&#8221;4.21.0&#8243; _module_preset=&#8221;default&#8221; header_2_font=&#8221;|700|||||||&#8221; header_2_text_align=&#8221;center&#8221; header_2_text_color=&#8221;#47a0f4&#8243; header_2_font_size=&#8221;40px&#8221; global_colors_info=&#8221;{}&#8221; theme_builder_area=&#8221;post_content&#8221;]<\/p>\n<h2>Nossas Solu\u00e7\u00f5es<\/h2>\n<p>[\/et_pb_text][\/et_pb_column][\/et_pb_row][et_pb_row column_structure=&#8221;1_3,1_3,1_3&#8243; use_custom_gutter=&#8221;on&#8221; gutter_width=&#8221;2&#8243; _builder_version=&#8221;4.21.0&#8243; _module_preset=&#8221;default&#8221; global_colors_info=&#8221;{}&#8221; theme_builder_area=&#8221;post_content&#8221;][et_pb_column type=&#8221;1_3&#8243; _builder_version=&#8221;4.21.0&#8243; _module_preset=&#8221;default&#8221; global_colors_info=&#8221;{}&#8221; theme_builder_area=&#8221;post_content&#8221;][et_pb_blurb title=&#8221;ERP New Varejo&#8221; image=&#8221;https:\/\/btsbrasilsistemas.com\/wp-content\/uploads\/2024\/07\/icone-erp-new-varejo.png&#8221; image_icon_width=&#8221;60%&#8221; icon_alignment=&#8221;left&#8221; _builder_version=&#8221;4.27.4&#8243; _module_preset=&#8221;default&#8221; header_font=&#8221;|700||on|||||&#8221; header_text_color=&#8221;#2f496e&#8221; header_font_size=&#8221;24px&#8221; body_text_color=&#8221;#2f496e&#8221; background_color=&#8221;#83f8ff&#8221; custom_padding=&#8221;25px|25px|25px|25px|true|true&#8221; hover_enabled=&#8221;0&#8243; border_radii=&#8221;on|10px|10px|10px|10px&#8221; border_color_all=&#8221;#01dce3&#8243; global_colors_info=&#8221;{}&#8221; background__hover_enabled=&#8221;on|hover&#8221; background_color__hover=&#8221;#2f496e&#8221; background_enable_color__hover=&#8221;on&#8221; header_text_color__hover_enabled=&#8221;on|hover&#8221; header_text_color__hover=&#8221;#FFFFFF&#8221; body_text_color__hover_enabled=&#8221;on|hover&#8221; body_text_color__hover=&#8221;#FFFFFF&#8221; border_width_all__hover_enabled=&#8221;on|hover&#8221; border_width_all__hover=&#8221;4px&#8221; theme_builder_area=&#8221;post_content&#8221; title_text=&#8221;icone-erp-new-varejo&#8221; sticky_enabled=&#8221;0&#8243;]<\/p>\n<p>Solu\u00e7\u00e3o completa para varejo e atacado. Supermercados, delicatessen, etc.<\/p>\n<p>[\/et_pb_blurb][\/et_pb_column][et_pb_column type=&#8221;1_3&#8243; _builder_version=&#8221;4.21.0&#8243; _module_preset=&#8221;default&#8221; global_colors_info=&#8221;{}&#8221; theme_builder_area=&#8221;post_content&#8221;][et_pb_blurb title=&#8221;Olhar Fiscal&#8221; image=&#8221;https:\/\/btsbrasilsistemas.com\/wp-content\/uploads\/2024\/07\/icone-olhar-fiscal.png&#8221; image_icon_width=&#8221;60%&#8221; icon_alignment=&#8221;left&#8221; _builder_version=&#8221;4.27.4&#8243; _module_preset=&#8221;default&#8221; header_font=&#8221;|700||on|||||&#8221; header_text_color=&#8221;#2f496e&#8221; header_font_size=&#8221;24px&#8221; body_text_color=&#8221;#2f496e&#8221; background_color=&#8221;#47d2ff&#8221; custom_padding=&#8221;25px|25px|25px|25px|true|true&#8221; hover_enabled=&#8221;0&#8243; border_radii=&#8221;on|10px|10px|10px|10px&#8221; border_color_all=&#8221;#01dce3&#8243; global_colors_info=&#8221;{}&#8221; background__hover_enabled=&#8221;on|hover&#8221; background_color__hover=&#8221;#2f496e&#8221; background_enable_color__hover=&#8221;on&#8221; header_text_color__hover_enabled=&#8221;on|hover&#8221; header_text_color__hover=&#8221;#FFFFFF&#8221; body_text_color__hover_enabled=&#8221;on|hover&#8221; body_text_color__hover=&#8221;#FFFFFF&#8221; border_width_all__hover_enabled=&#8221;on|hover&#8221; border_width_all__hover=&#8221;4px&#8221; theme_builder_area=&#8221;post_content&#8221; title_text=&#8221;icone-olhar-fiscal&#8221; sticky_enabled=&#8221;0&#8243;]<\/p>\n<p>Ferramenta de gest\u00e3o tribut\u00e1ria. Consulta de NCM, GTIN, ICMS, PIS e COFINS, CEST.<\/p>\n<p>[\/et_pb_blurb][\/et_pb_column][et_pb_column type=&#8221;1_3&#8243; _builder_version=&#8221;4.21.0&#8243; _module_preset=&#8221;default&#8221; global_colors_info=&#8221;{}&#8221; theme_builder_area=&#8221;post_content&#8221;][et_pb_blurb title=&#8221;M\u00e1quina de Pre\u00e7o&#8221; image=&#8221;https:\/\/btsbrasilsistemas.com\/wp-content\/uploads\/2024\/07\/icone-maquina-de-preco.png&#8221; image_icon_width=&#8221;60%&#8221; icon_alignment=&#8221;left&#8221; _builder_version=&#8221;4.27.4&#8243; _module_preset=&#8221;default&#8221; header_font=&#8221;|700||on|||||&#8221; header_text_color=&#8221;#2f496e&#8221; header_font_size=&#8221;24px&#8221; body_text_color=&#8221;#2f496e&#8221; background_color=&#8221;#61b0fa&#8221; custom_padding=&#8221;25px|25px|25px|25px|true|true&#8221; hover_enabled=&#8221;0&#8243; border_radii=&#8221;on|10px|10px|10px|10px&#8221; border_color_all=&#8221;#01dce3&#8243; global_colors_info=&#8221;{}&#8221; background__hover_enabled=&#8221;on|hover&#8221; background_color__hover=&#8221;#2f496e&#8221; background_enable_color__hover=&#8221;on&#8221; header_text_color__hover_enabled=&#8221;on|hover&#8221; header_text_color__hover=&#8221;#FFFFFF&#8221; body_text_color__hover_enabled=&#8221;on|hover&#8221; body_text_color__hover=&#8221;#FFFFFF&#8221; border_width_all__hover_enabled=&#8221;on|hover&#8221; border_width_all__hover=&#8221;4px&#8221; theme_builder_area=&#8221;post_content&#8221; title_text=&#8221;icone-maquina-de-preco&#8221; sticky_enabled=&#8221;0&#8243;]<\/p>\n<p><span>Analise sua concorr\u00eancia e descubra ele praticam os pre\u00e7os.<\/span><\/p>\n<p>[\/et_pb_blurb][\/et_pb_column][\/et_pb_row][et_pb_row column_structure=&#8221;1_3,1_3,1_3&#8243; use_custom_gutter=&#8221;on&#8221; gutter_width=&#8221;2&#8243; _builder_version=&#8221;4.21.0&#8243; _module_preset=&#8221;default&#8221; custom_padding=&#8221;1px||||false|false&#8221; global_colors_info=&#8221;{}&#8221; theme_builder_area=&#8221;post_content&#8221;][et_pb_column type=&#8221;1_3&#8243; _builder_version=&#8221;4.21.0&#8243; _module_preset=&#8221;default&#8221; global_colors_info=&#8221;{}&#8221; theme_builder_area=&#8221;post_content&#8221;][et_pb_blurb title=&#8221;Conciliador de Cart\u00f5es&#8221; image=&#8221;https:\/\/btsbrasilsistemas.com\/wp-content\/uploads\/2024\/07\/icone-conciliador-cartoes.png&#8221; image_icon_width=&#8221;60%&#8221; icon_alignment=&#8221;left&#8221; _builder_version=&#8221;4.27.4&#8243; _module_preset=&#8221;default&#8221; header_font=&#8221;|700||on|||||&#8221; header_text_color=&#8221;#2f496e&#8221; header_font_size=&#8221;24px&#8221; body_text_color=&#8221;#2f496e&#8221; background_color=&#8221;#a1b9fc&#8221; custom_padding=&#8221;25px|25px|25px|25px|true|true&#8221; hover_enabled=&#8221;0&#8243; border_radii=&#8221;on|10px|10px|10px|10px&#8221; border_color_all=&#8221;#01dce3&#8243; global_colors_info=&#8221;{}&#8221; background__hover_enabled=&#8221;on|hover&#8221; background_color__hover=&#8221;#2f496e&#8221; background_enable_color__hover=&#8221;on&#8221; header_text_color__hover_enabled=&#8221;on|hover&#8221; header_text_color__hover=&#8221;#FFFFFF&#8221; body_text_color__hover_enabled=&#8221;on|hover&#8221; body_text_color__hover=&#8221;#FFFFFF&#8221; border_width_all__hover_enabled=&#8221;on|hover&#8221; border_width_all__hover=&#8221;4px&#8221; theme_builder_area=&#8221;post_content&#8221; title_text=&#8221;icone-conciliador-cartoes&#8221; sticky_enabled=&#8221;0&#8243;]<\/p>\n<p>Solu\u00e7\u00e3o para gest\u00e3o de taxas de cart\u00e3o<br \/>e acompanhamento de vendas.<\/p>\n<p>[\/et_pb_blurb][\/et_pb_column][et_pb_column type=&#8221;1_3&#8243; _builder_version=&#8221;4.21.0&#8243; _module_preset=&#8221;default&#8221; global_colors_info=&#8221;{}&#8221; theme_builder_area=&#8221;post_content&#8221;][et_pb_blurb title=&#8221;Solu\u00e7\u00e3o Food&#8221; image=&#8221;https:\/\/btsbrasilsistemas.com\/wp-content\/uploads\/2024\/07\/icone-solucao-food.png&#8221; image_icon_width=&#8221;60%&#8221; icon_alignment=&#8221;left&#8221; _builder_version=&#8221;4.27.4&#8243; _module_preset=&#8221;default&#8221; header_font=&#8221;|700||on|||||&#8221; header_text_color=&#8221;#2f496e&#8221; header_font_size=&#8221;24px&#8221; body_text_color=&#8221;#2f496e&#8221; background_color=&#8221;#aeaeff&#8221; custom_padding=&#8221;25px|25px|25px|25px|true|true&#8221; hover_enabled=&#8221;0&#8243; border_radii=&#8221;on|10px|10px|10px|10px&#8221; border_color_all=&#8221;#01dce3&#8243; global_colors_info=&#8221;{}&#8221; background__hover_enabled=&#8221;on|hover&#8221; background_color__hover=&#8221;#2f496e&#8221; background_enable_color__hover=&#8221;on&#8221; header_text_color__hover_enabled=&#8221;on|hover&#8221; header_text_color__hover=&#8221;#FFFFFF&#8221; body_text_color__hover_enabled=&#8221;on|hover&#8221; body_text_color__hover=&#8221;#FFFFFF&#8221; border_width_all__hover_enabled=&#8221;on|hover&#8221; border_width_all__hover=&#8221;4px&#8221; theme_builder_area=&#8221;post_content&#8221; title_text=&#8221;icone-solucao-food&#8221; sticky_enabled=&#8221;0&#8243;]<\/p>\n<p>Software de gest\u00e3o para bares e restaurantes. Comanda eletr\u00f4nica, delivery, IFOOD.<\/p>\n<p>[\/et_pb_blurb][\/et_pb_column][et_pb_column type=&#8221;1_3&#8243; _builder_version=&#8221;4.21.0&#8243; _module_preset=&#8221;default&#8221; global_colors_info=&#8221;{}&#8221; theme_builder_area=&#8221;post_content&#8221;][et_pb_blurb title=&#8221;Radar CRM&#8221; image=&#8221;https:\/\/btsbrasilsistemas.com\/wp-content\/uploads\/2024\/07\/icone-radar-crm.png&#8221; image_icon_width=&#8221;60%&#8221; icon_alignment=&#8221;left&#8221; _builder_version=&#8221;4.27.4&#8243; _module_preset=&#8221;default&#8221; header_font=&#8221;|700||on|||||&#8221; header_text_color=&#8221;#2f496e&#8221; header_font_size=&#8221;24px&#8221; body_text_color=&#8221;#2f496e&#8221; background_color=&#8221;#c49bfc&#8221; custom_padding=&#8221;25px|25px|25px|25px|true|true&#8221; hover_enabled=&#8221;0&#8243; border_radii=&#8221;on|10px|10px|10px|10px&#8221; border_color_all=&#8221;#01dce3&#8243; global_colors_info=&#8221;{}&#8221; background__hover_enabled=&#8221;on|hover&#8221; background_color__hover=&#8221;#2f496e&#8221; background_enable_color__hover=&#8221;on&#8221; header_text_color__hover_enabled=&#8221;on|hover&#8221; header_text_color__hover=&#8221;#FFFFFF&#8221; body_text_color__hover_enabled=&#8221;on|hover&#8221; body_text_color__hover=&#8221;#FFFFFF&#8221; border_width_all__hover_enabled=&#8221;on|hover&#8221; border_width_all__hover=&#8221;4px&#8221; theme_builder_area=&#8221;post_content&#8221; title_text=&#8221;icone-radar-crm&#8221; sticky_enabled=&#8221;0&#8243;]<\/p>\n<p>Permitir que seus clientes acessem seu WIFI de forma pratica e segura transformando sua rede em uma poderosa ferramenta.<\/p>\n<p>[\/et_pb_blurb][\/et_pb_column][\/et_pb_row][\/et_pb_section]<\/p>\n","protected":false},"excerpt":{"rendered":"<p>A\u00a0BTS BRASIL\u00a0atua como desenvolvedora de software para o varejo e atacado a mais de 20 anos. Nossa empresa tem como foco desenvolver as melhores solu\u00e7\u00f5es para nossos clientes. Nossas plataformas s\u00e3o desenvolvidas com tecnologia de ponta, permitindo promover mais seguran\u00e7a e confiabilidade das informa\u00e7\u00f5es.Nossas Solu\u00e7\u00f5esSolu\u00e7\u00e3o completa para varejo e atacado. Supermercados, delicatessen, etc.Ferramenta de gest\u00e3o [&hellip;]<\/p>\n","protected":false},"author":1,"featured_media":134,"parent":0,"menu_order":0,"comment_status":"closed","ping_status":"closed","template":"","meta":{"_et_pb_use_builder":"on","_et_pb_old_content":"","_et_gb_content_width":"","footnotes":""},"class_list":["post-27","page","type-page","status-publish","has-post-thumbnail","hentry"],"_links":{"self":[{"href":"https:\/\/btsbrasilsistemas.com\/index.php\/wp-json\/wp\/v2\/pages\/27","targetHints":{"allow":["GET"]}}],"collection":[{"href":"https:\/\/btsbrasilsistemas.com\/index.php\/wp-json\/wp\/v2\/pages"}],"about":[{"href":"https:\/\/btsbrasilsistemas.com\/index.php\/wp-json\/wp\/v2\/types\/page"}],"author":[{"embeddable":true,"href":"https:\/\/btsbrasilsistemas.com\/index.php\/wp-json\/wp\/v2\/users\/1"}],"replies":[{"embeddable":true,"href":"https:\/\/btsbrasilsistemas.com\/index.php\/wp-json\/wp\/v2\/comments?post=27"}],"version-history":[{"count":4,"href":"https:\/\/btsbrasilsistemas.com\/index.php\/wp-json\/wp\/v2\/pages\/27\/revisions"}],"predecessor-version":[{"id":288,"href":"https:\/\/btsbrasilsistemas.com\/index.php\/wp-json\/wp\/v2\/pages\/27\/revisions\/288"}],"wp:featuredmedia":[{"embeddable":true,"href":"https:\/\/btsbrasilsistemas.com\/index.php\/wp-json\/wp\/v2\/media\/134"}],"wp:attachment":[{"href":"https:\/\/btsbrasilsistemas.com\/index.php\/wp-json\/wp\/v2\/media?parent=27"}],"curies":[{"name":"wp","href":"https:\/\/api.w.org\/{rel}","templated":true}]}}