{"id":34,"date":"2024-07-31T11:34:57","date_gmt":"2024-07-31T14:34:57","guid":{"rendered":"https:\/\/zwadigital.link\/bts\/?page_id=34"},"modified":"2026-03-02T09:43:28","modified_gmt":"2026-03-02T12:43:28","slug":"olhar-fiscal","status":"publish","type":"page","link":"https:\/\/btsbrasilsistemas.com\/index.php\/nossas-solucoes\/olhar-fiscal\/","title":{"rendered":"Olhar Fiscal"},"content":{"rendered":"<p>[et_pb_section fb_built=&#8221;1&#8243; _builder_version=&#8221;4.21.0&#8243; _module_preset=&#8221;default&#8221; custom_padding=&#8221;||16px|||&#8221; global_colors_info=&#8221;{}&#8221; theme_builder_area=&#8221;post_content&#8221;][et_pb_row column_structure=&#8221;1_2,1_2&#8243; _builder_version=&#8221;4.21.0&#8243; _module_preset=&#8221;default&#8221; global_colors_info=&#8221;{}&#8221; theme_builder_area=&#8221;post_content&#8221;][et_pb_column type=&#8221;1_2&#8243; _builder_version=&#8221;4.21.0&#8243; _module_preset=&#8221;default&#8221; global_colors_info=&#8221;{}&#8221; theme_builder_area=&#8221;post_content&#8221;][et_pb_text _builder_version=&#8221;4.21.0&#8243; _module_preset=&#8221;default&#8221; text_font_size=&#8221;16px&#8221; header_2_font=&#8221;|700||on|||||&#8221; header_2_text_color=&#8221;#47a0f4&#8243; header_2_font_size=&#8221;29px&#8221; header_3_font=&#8221;|700|||||||&#8221; header_3_text_color=&#8221;#01dae4&#8243; header_3_font_size=&#8221;30px&#8221; header_3_line_height=&#8221;1.2em&#8221; global_colors_info=&#8221;{}&#8221; theme_builder_area=&#8221;post_content&#8221;]<\/p>\n<h2>NCM, ICMS, PIS E COFINS, TRIBUTA\u00c7\u00c3O ESTADUAL E FEDERAL, CEST. TUDO EM UM SO LUGAR.<\/h2>\n<h3>Ainda mais Benef\u00edcios<\/h3>\n<p>Com o Olhar Fiscal, consultar a tributa\u00e7\u00e3o de entrada e sa\u00edda dos seus produtos nunca foi t\u00e3o simples e eficiente! Nossa ferramenta foi desenvolvida para proporcionar praticidade e precis\u00e3o na gest\u00e3o fiscal da sua empresa. R\u00e1pido e Pr\u00e1tico: Basta escanear o c\u00f3digo de barras do produto e obtenha instantaneamente todas as informa\u00e7\u00f5es tribut\u00e1rias necess\u00e1rias.<\/p>\n<p>Redu\u00e7\u00e3o de Erros: Evite erros de digita\u00e7\u00e3o e ganhe tempo nas suas opera\u00e7\u00f5es di\u00e1rias. Precis\u00e3o Garantida: Digite o NCM do produto e acesse informa\u00e7\u00f5es detalhadas sobre a tributa\u00e7\u00e3o, incluindo ICMS, IPI, PIS e COFINS.<\/p>\n<p>Atualiza\u00e7\u00f5es Constantes: Mantenha-se sempre atualizado com as mais recentes mudan\u00e7as na legisla\u00e7\u00e3o tribut\u00e1ria.<\/p>\n<p>[\/et_pb_text][\/et_pb_column][et_pb_column type=&#8221;1_2&#8243; _builder_version=&#8221;4.21.0&#8243; _module_preset=&#8221;default&#8221; global_colors_info=&#8221;{}&#8221; theme_builder_area=&#8221;post_content&#8221;][et_pb_image src=&#8221;https:\/\/btsbrasilsistemas.com\/wp-content\/uploads\/2024\/08\/img-olhar-fiscal.jpg&#8221; title_text=&#8221;img-olhar-fiscal&#8221; _builder_version=&#8221;4.27.4&#8243; _module_preset=&#8221;default&#8221; width=&#8221;85%&#8221; module_alignment=&#8221;center&#8221; hover_enabled=&#8221;0&#8243; border_radii=&#8221;off||||90px&#8221; global_colors_info=&#8221;{}&#8221; theme_builder_area=&#8221;post_content&#8221; sticky_enabled=&#8221;0&#8243;][\/et_pb_image][\/et_pb_column][\/et_pb_row][\/et_pb_section][et_pb_section fb_built=&#8221;1&#8243; _builder_version=&#8221;4.21.0&#8243; _module_preset=&#8221;default&#8221; custom_padding=&#8221;14px|||||&#8221; global_colors_info=&#8221;{}&#8221; theme_builder_area=&#8221;post_content&#8221;][et_pb_row column_structure=&#8221;1_5,1_5,1_5,1_5,1_5&#8243; use_custom_gutter=&#8221;on&#8221; gutter_width=&#8221;1&#8243; _builder_version=&#8221;4.21.0&#8243; _module_preset=&#8221;default&#8221; global_colors_info=&#8221;{}&#8221; theme_builder_area=&#8221;post_content&#8221;][et_pb_column type=&#8221;1_5&#8243; _builder_version=&#8221;4.21.0&#8243; _module_preset=&#8221;default&#8221; global_colors_info=&#8221;{}&#8221; theme_builder_area=&#8221;post_content&#8221;][et_pb_blurb title=&#8221;SETOR DE CADASTRO&#8221; image=&#8221;https:\/\/btsbrasilsistemas.com\/wp-content\/uploads\/2024\/08\/icone-olharfiscal1.png&#8221; image_icon_width=&#8221;100px&#8221; icon_alignment=&#8221;left&#8221; _builder_version=&#8221;4.27.4&#8243; _module_preset=&#8221;default&#8221; header_font=&#8221;|700||on|||||&#8221; header_text_color=&#8221;#FFFFFF&#8221; header_font_size=&#8221;22px&#8221; body_text_color=&#8221;#FFFFFF&#8221; background_color=&#8221;#7979da&#8221; image_icon_custom_margin=&#8221;||0px||false|false&#8221; image_icon_custom_padding=&#8221;0px||0px||false|false&#8221; custom_padding=&#8221;25px|25px|113px|25px|false|true&#8221; global_colors_info=&#8221;{}&#8221; theme_builder_area=&#8221;post_content&#8221;]<\/p>\n<div class=\"et_pb_blurb_description\">\n<p>Setor respons\u00e1vel pelo cadastramento de produtose seus tributos.<\/p>\n<\/div>\n<p>[\/et_pb_blurb][\/et_pb_column][et_pb_column type=&#8221;1_5&#8243; _builder_version=&#8221;4.21.0&#8243; _module_preset=&#8221;default&#8221; global_colors_info=&#8221;{}&#8221; theme_builder_area=&#8221;post_content&#8221;][et_pb_blurb title=&#8221;Erros&#8221; image=&#8221;https:\/\/btsbrasilsistemas.com\/wp-content\/uploads\/2024\/08\/icone-olharfiscal2.png&#8221; image_icon_width=&#8221;67%&#8221; icon_alignment=&#8221;left&#8221; _builder_version=&#8221;4.27.4&#8243; _module_preset=&#8221;default&#8221; header_font=&#8221;|700||on|||||&#8221; header_text_color=&#8221;#FFFFFF&#8221; header_font_size=&#8221;22px&#8221; body_text_color=&#8221;#FFFFFF&#8221; background_color=&#8221;#5b72b5&#8243; custom_padding=&#8221;25px|25px|64px|25px|false|true&#8221; global_colors_info=&#8221;{}&#8221; theme_builder_area=&#8221;post_content&#8221;]<\/p>\n<p>Respons\u00e1vel pelo faturamento e entrada de notas. Faz an\u00e1lise das compras e cr\u00e9ditos de impostos, forma\u00e7\u00e3o de custos.<\/p>\n<p>[\/et_pb_blurb][\/et_pb_column][et_pb_column type=&#8221;1_5&#8243; _builder_version=&#8221;4.21.0&#8243; _module_preset=&#8221;default&#8221; global_colors_info=&#8221;{}&#8221; theme_builder_area=&#8221;post_content&#8221;][et_pb_blurb title=&#8221;SEM O OLHAR FISCAL&#8221; image=&#8221;https:\/\/btsbrasilsistemas.com\/wp-content\/uploads\/2024\/08\/icone-olharfiscal3.png&#8221; image_icon_width=&#8221;95px&#8221; icon_alignment=&#8221;left&#8221; _builder_version=&#8221;4.27.4&#8243; _module_preset=&#8221;default&#8221; header_font=&#8221;|700||on|||||&#8221; header_text_color=&#8221;#FFFFFF&#8221; header_font_size=&#8221;22px&#8221; body_text_color=&#8221;#FFFFFF&#8221; background_color=&#8221;#5194d4&#8243; custom_padding=&#8221;25px|25px|24px|25px|false|true&#8221; global_colors_info=&#8221;{}&#8221; theme_builder_area=&#8221;post_content&#8221;]<\/p>\n<div class=\"et_pb_blurb_description\">\n<div class=\"et_pb_blurb_description\">\n<p>Risco de erros no ato do cadastro de produtos. Tais como NCMs, aliquota de impostos, de Pis e Cofins. Erro no calculo de margens e pre\u00e7os do produto.<\/p>\n<\/div>\n<\/div>\n<p>[\/et_pb_blurb][\/et_pb_column][et_pb_column type=&#8221;1_5&#8243; _builder_version=&#8221;4.21.0&#8243; _module_preset=&#8221;default&#8221; global_colors_info=&#8221;{}&#8221; theme_builder_area=&#8221;post_content&#8221;][et_pb_blurb title=&#8221;COM O OLHAR FISCAL&#8221; image=&#8221;https:\/\/btsbrasilsistemas.com\/wp-content\/uploads\/2024\/08\/icone-olharfiscal4.png&#8221; image_icon_width=&#8221;96px&#8221; icon_alignment=&#8221;left&#8221; _builder_version=&#8221;4.27.4&#8243; _module_preset=&#8221;default&#8221; header_font=&#8221;|700||on|||||&#8221; header_text_color=&#8221;#FFFFFF&#8221; header_font_size=&#8221;22px&#8221; body_text_color=&#8221;#FFFFFF&#8221; background_color=&#8221;#3cb9e1&#8243; custom_padding=&#8221;25px|25px|24px|25px|false|true&#8221; global_colors_info=&#8221;{}&#8221; theme_builder_area=&#8221;post_content&#8221;]<\/p>\n<div class=\"et_pb_blurb_description\">\n<div class=\"et_pb_blurb_description\">\n<p>Consultar a tributa\u00e7\u00e3o do produto pelo C\u00f3digo de Barras, NCM ou at\u00e9 mesmo por descri\u00e7\u00e3o. Deixando o cadastro correto com as obriga\u00e7\u00f5es fiscais.<\/p>\n<\/div>\n<\/div>\n<p>[\/et_pb_blurb][\/et_pb_column][et_pb_column type=&#8221;1_5&#8243; _builder_version=&#8221;4.21.0&#8243; _module_preset=&#8221;default&#8221; global_colors_info=&#8221;{}&#8221; theme_builder_area=&#8221;post_content&#8221;][et_pb_blurb title=&#8221;RESULTADO&#8221; image=&#8221;https:\/\/btsbrasilsistemas.com\/wp-content\/uploads\/2024\/08\/icone-olharfiscal5.png&#8221; image_icon_width=&#8221;97px&#8221; icon_alignment=&#8221;left&#8221; _builder_version=&#8221;4.27.4&#8243; _module_preset=&#8221;default&#8221; header_font=&#8221;|700||on|||||&#8221; header_text_color=&#8221;#FFFFFF&#8221; header_font_size=&#8221;22px&#8221; body_text_color=&#8221;#FFFFFF&#8221; background_color=&#8221;#74cfd4&#8243; custom_padding=&#8221;25px|25px|68px|25px|false|true&#8221; global_colors_info=&#8221;{}&#8221; theme_builder_area=&#8221;post_content&#8221;]<\/p>\n<div class=\"et_pb_blurb_description\">\n<div class=\"et_pb_blurb_description\">\n<p>Maior agilidade no cadastro dos produtos, calculo dos custos e margens de forma<br \/>correta tudo de forma r\u00e1pida e intuitiva.<\/p>\n<\/div>\n<\/div>\n<p>[\/et_pb_blurb][\/et_pb_column][\/et_pb_row][\/et_pb_section]<\/p>\n","protected":false},"excerpt":{"rendered":"<p>NCM, ICMS, PIS E COFINS, TRIBUTA\u00c7\u00c3O ESTADUAL E FEDERAL, CEST. TUDO EM UM SO LUGAR. Ainda mais Benef\u00edcios Com o Olhar Fiscal, consultar a tributa\u00e7\u00e3o de entrada e sa\u00edda dos seus produtos nunca foi t\u00e3o simples e eficiente! Nossa ferramenta foi desenvolvida para proporcionar praticidade e precis\u00e3o na gest\u00e3o fiscal da sua empresa. R\u00e1pido e [&hellip;]<\/p>\n","protected":false},"author":1,"featured_media":160,"parent":30,"menu_order":0,"comment_status":"closed","ping_status":"closed","template":"","meta":{"_et_pb_use_builder":"on","_et_pb_old_content":"","_et_gb_content_width":"","footnotes":""},"class_list":["post-34","page","type-page","status-publish","has-post-thumbnail","hentry"],"_links":{"self":[{"href":"https:\/\/btsbrasilsistemas.com\/index.php\/wp-json\/wp\/v2\/pages\/34","targetHints":{"allow":["GET"]}}],"collection":[{"href":"https:\/\/btsbrasilsistemas.com\/index.php\/wp-json\/wp\/v2\/pages"}],"about":[{"href":"https:\/\/btsbrasilsistemas.com\/index.php\/wp-json\/wp\/v2\/types\/page"}],"author":[{"embeddable":true,"href":"https:\/\/btsbrasilsistemas.com\/index.php\/wp-json\/wp\/v2\/users\/1"}],"replies":[{"embeddable":true,"href":"https:\/\/btsbrasilsistemas.com\/index.php\/wp-json\/wp\/v2\/comments?post=34"}],"version-history":[{"count":12,"href":"https:\/\/btsbrasilsistemas.com\/index.php\/wp-json\/wp\/v2\/pages\/34\/revisions"}],"predecessor-version":[{"id":291,"href":"https:\/\/btsbrasilsistemas.com\/index.php\/wp-json\/wp\/v2\/pages\/34\/revisions\/291"}],"up":[{"embeddable":true,"href":"https:\/\/btsbrasilsistemas.com\/index.php\/wp-json\/wp\/v2\/pages\/30"}],"wp:featuredmedia":[{"embeddable":true,"href":"https:\/\/btsbrasilsistemas.com\/index.php\/wp-json\/wp\/v2\/media\/160"}],"wp:attachment":[{"href":"https:\/\/btsbrasilsistemas.com\/index.php\/wp-json\/wp\/v2\/media?parent=34"}],"curies":[{"name":"wp","href":"https:\/\/api.w.org\/{rel}","templated":true}]}}