{"id":40,"date":"2024-07-31T11:36:16","date_gmt":"2024-07-31T14:36:16","guid":{"rendered":"https:\/\/zwadigital.link\/bts\/?page_id=40"},"modified":"2026-03-02T09:45:50","modified_gmt":"2026-03-02T12:45:50","slug":"solucao-food","status":"publish","type":"page","link":"https:\/\/btsbrasilsistemas.com\/index.php\/nossas-solucoes\/solucao-food\/","title":{"rendered":"Solu\u00e7\u00e3o Food"},"content":{"rendered":"<p>[et_pb_section fb_built=&#8221;1&#8243; _builder_version=&#8221;4.21.0&#8243; _module_preset=&#8221;default&#8221; custom_padding=&#8221;||16px|||&#8221; global_colors_info=&#8221;{}&#8221; theme_builder_area=&#8221;post_content&#8221;][et_pb_row column_structure=&#8221;3_5,2_5&#8243; _builder_version=&#8221;4.21.0&#8243; _module_preset=&#8221;default&#8221; global_colors_info=&#8221;{}&#8221; theme_builder_area=&#8221;post_content&#8221;][et_pb_column type=&#8221;3_5&#8243; _builder_version=&#8221;4.21.0&#8243; _module_preset=&#8221;default&#8221; global_colors_info=&#8221;{}&#8221; theme_builder_area=&#8221;post_content&#8221;][et_pb_text _builder_version=&#8221;4.21.0&#8243; _module_preset=&#8221;default&#8221; text_font_size=&#8221;16px&#8221; header_2_font=&#8221;|700||on|||||&#8221; header_2_text_color=&#8221;#47a0f4&#8243; header_2_font_size=&#8221;29px&#8221; header_3_font=&#8221;|700|||||||&#8221; header_3_text_color=&#8221;#01dae4&#8243; header_3_font_size=&#8221;30px&#8221; header_3_line_height=&#8221;1.2em&#8221; custom_margin=&#8221;||25px||false|false&#8221; global_colors_info=&#8221;{}&#8221; theme_builder_area=&#8221;post_content&#8221;]<\/p>\n<h2>GEST\u00c3O COMPLETA DO SEU PDV<\/h2>\n<p>Gerencie pedidos, cozinha, atendimentos, delivery, ifood, tudo em um s\u00f3 lugar.Tenha toda gest\u00e3o financeira, compras, contas a pagar e receber no melhor ERPdo Brasil. Comandas eletr\u00f4nicas, integra\u00e7\u00e3o com plataformas de delivery emuito mais. Com uma interface leve e intuitiva, est\u00e1 ainda mais f\u00e1cil administrarsua loja ou rede de FOOD SERVICE.<\/p>\n<p>[\/et_pb_text][et_pb_text _builder_version=&#8221;4.21.0&#8243; _module_preset=&#8221;default&#8221; header_2_font=&#8221;|700|||||||&#8221; header_2_text_color=&#8221;#FFFFFF&#8221; header_2_font_size=&#8221;22px&#8221; background_color=&#8221;#968bf3&#8243; custom_margin=&#8221;||10px||false|false&#8221; custom_padding=&#8221;20px|20px|20px|20px|true|true&#8221; border_radii=&#8221;on|15px|15px|15px|15px&#8221; global_colors_info=&#8221;{}&#8221; theme_builder_area=&#8221;post_content&#8221;]<\/p>\n<h2>Solu\u00e7\u00e3o FOOD SERVICE para plataforma Android, sendo uma tecnologia de alta disponibilidade e efici\u00eancia.<\/h2>\n<p>[\/et_pb_text][et_pb_gallery gallery_ids=&#8221;199,200,201&#8243; fullwidth=&#8221;on&#8221; _builder_version=&#8221;4.27.4&#8243; _module_preset=&#8221;default&#8221; custom_margin=&#8221;||5px|||&#8221; animation_style=&#8221;fade&#8221; auto=&#8221;on&#8221; hover_enabled=&#8221;0&#8243; global_colors_info=&#8221;{}&#8221; theme_builder_area=&#8221;post_content&#8221; sticky_enabled=&#8221;0&#8243;][\/et_pb_gallery][\/et_pb_column][et_pb_column type=&#8221;2_5&#8243; _builder_version=&#8221;4.21.0&#8243; _module_preset=&#8221;default&#8221; global_colors_info=&#8221;{}&#8221; theme_builder_area=&#8221;post_content&#8221;][et_pb_image src=&#8221;https:\/\/btsbrasilsistemas.com\/wp-content\/uploads\/2024\/08\/img-pdv-food.png&#8221; title_text=&#8221;img-pdv-food&#8221; align=&#8221;center&#8221; _builder_version=&#8221;4.27.4&#8243; _module_preset=&#8221;default&#8221; width=&#8221;71%&#8221; module_alignment=&#8221;center&#8221; custom_margin=&#8221;||13px|||&#8221; hover_enabled=&#8221;0&#8243; border_radii=&#8221;off||||&#8221; global_colors_info=&#8221;{}&#8221; theme_builder_area=&#8221;post_content&#8221; sticky_enabled=&#8221;0&#8243;][\/et_pb_image][et_pb_text _builder_version=&#8221;4.21.0&#8243; _module_preset=&#8221;default&#8221; text_text_color=&#8221;#FFFFFF&#8221; text_font_size=&#8221;16px&#8221; header_2_font=&#8221;|700||on|||||&#8221; header_2_text_color=&#8221;#47a0f4&#8243; header_2_font_size=&#8221;29px&#8221; header_3_font=&#8221;|700|||||||&#8221; header_3_text_color=&#8221;#01dae4&#8243; header_3_font_size=&#8221;30px&#8221; header_3_line_height=&#8221;1.2em&#8221; background_color=&#8221;#44a2f4&#8243; custom_margin=&#8221;||15px|||&#8221; custom_padding=&#8221;20px|20px|20px|20px|true|true&#8221; border_radii=&#8221;on|15px|15px|15px|15px&#8221; global_colors_info=&#8221;{}&#8221; theme_builder_area=&#8221;post_content&#8221;]<\/p>\n<p>Solu\u00e7\u00e3o FOOD SERVICE completa Comandas eletr\u00f4nicas Controle de Mesas. Integra\u00e7\u00e3o IFOOD Transfer\u00eancias de mesas Programa\u00e7\u00e3o de Happy Hour Dashboards<\/p>\n<p>[\/et_pb_text][\/et_pb_column][\/et_pb_row][\/et_pb_section]<\/p>\n","protected":false},"excerpt":{"rendered":"<p>GEST\u00c3O COMPLETA DO SEU PDV Gerencie pedidos, cozinha, atendimentos, delivery, ifood, tudo em um s\u00f3 lugar.Tenha toda gest\u00e3o financeira, compras, contas a pagar e receber no melhor ERPdo Brasil. Comandas eletr\u00f4nicas, integra\u00e7\u00e3o com plataformas de delivery emuito mais. Com uma interface leve e intuitiva, est\u00e1 ainda mais f\u00e1cil administrarsua loja ou rede de FOOD SERVICE.Solu\u00e7\u00e3o [&hellip;]<\/p>\n","protected":false},"author":1,"featured_media":197,"parent":30,"menu_order":0,"comment_status":"closed","ping_status":"closed","template":"","meta":{"_et_pb_use_builder":"on","_et_pb_old_content":"","_et_gb_content_width":"","footnotes":""},"class_list":["post-40","page","type-page","status-publish","has-post-thumbnail","hentry"],"_links":{"self":[{"href":"https:\/\/btsbrasilsistemas.com\/index.php\/wp-json\/wp\/v2\/pages\/40","targetHints":{"allow":["GET"]}}],"collection":[{"href":"https:\/\/btsbrasilsistemas.com\/index.php\/wp-json\/wp\/v2\/pages"}],"about":[{"href":"https:\/\/btsbrasilsistemas.com\/index.php\/wp-json\/wp\/v2\/types\/page"}],"author":[{"embeddable":true,"href":"https:\/\/btsbrasilsistemas.com\/index.php\/wp-json\/wp\/v2\/users\/1"}],"replies":[{"embeddable":true,"href":"https:\/\/btsbrasilsistemas.com\/index.php\/wp-json\/wp\/v2\/comments?post=40"}],"version-history":[{"count":6,"href":"https:\/\/btsbrasilsistemas.com\/index.php\/wp-json\/wp\/v2\/pages\/40\/revisions"}],"predecessor-version":[{"id":293,"href":"https:\/\/btsbrasilsistemas.com\/index.php\/wp-json\/wp\/v2\/pages\/40\/revisions\/293"}],"up":[{"embeddable":true,"href":"https:\/\/btsbrasilsistemas.com\/index.php\/wp-json\/wp\/v2\/pages\/30"}],"wp:featuredmedia":[{"embeddable":true,"href":"https:\/\/btsbrasilsistemas.com\/index.php\/wp-json\/wp\/v2\/media\/197"}],"wp:attachment":[{"href":"https:\/\/btsbrasilsistemas.com\/index.php\/wp-json\/wp\/v2\/media?parent=40"}],"curies":[{"name":"wp","href":"https:\/\/api.w.org\/{rel}","templated":true}]}}